{"id":330,"date":"2025-04-09T17:57:56","date_gmt":"2025-04-09T15:57:56","guid":{"rendered":"https:\/\/www.algovia.fr\/terms-of-use\/"},"modified":"2025-05-20T12:32:19","modified_gmt":"2025-05-20T10:32:19","slug":"terms-of-use","status":"publish","type":"page","link":"https:\/\/www.algovia.fr\/en\/terms-of-use\/","title":{"rendered":"Terms of use"},"content":{"rendered":"<div class=\"wpb-content-wrapper\"><p>[vc_section el_class=&#8221;bg-mesh&#8221;][vc_row el_id=&#8221;notice&#8221; el_class=&#8221;container&#8221;][vc_column][vc_column_text css=&#8221;&#8221;]<\/p>\n<h1>Terms of use<\/h1>\n<h2>Legal information<\/h2>\n<p class=\"whitespace-pre-wrap break-words\">The site is published by AlgoviA, a soci\u00e9t\u00e9 par actions simplifi\u00e9e (simplified joint stock company) with a share capital of \u20ac60,000, registered with the Registre du Commerce et des Soci\u00e9t\u00e9s under SIREN number 942 397 209, headquartered at 19 Rue des Rosieristes, 69410 CHAMPAGNE-AU-MONT-D&#8217;OR, France.<\/p>\n<p class=\"whitespace-pre-wrap break-words\"><strong>Intracommunity VAT number<\/strong>: FR54942397209<br \/>\n<strong>Head office<\/strong> SIRET: 942 397 209 00019<br \/>\n<strong>Date of creation<\/strong>: March 25, 2025<br \/>\n<strong>NAF\/APE code<\/strong>: 7112B &#8211; Engineering, technical studies<\/p>\n<h2>Publication management<\/h2>\n<p class=\"whitespace-pre-wrap break-words\">The publication is managed by Antoine SCHACHT.<\/p>\n<h2>Contact<\/h2>\n<p class=\"whitespace-pre-wrap break-words\"><strong>Address<\/strong>: 19 Rue des Rosieristes, 69410 CHAMPAGNE-AU-MONT-D&#8217;OR, France<br \/>\n<strong>Email<\/strong>: contact@algovia.fr<\/p>\n<h2>Host<\/h2>\n<p>The site is hosted by OVH, whose head office is located at 2, rue Kellermann, 59100 Roubaix.<\/p>\n<h2>Intellectual property<\/h2>\n<p>All content on this site (text, images, logos, etc.) is the exclusive property of AlgoviA or its partners. Any reproduction or use, in whole or in part, of the site or its contents is prohibited without the prior written authorization of AlgoviA.<\/p>\n<h2>Personal data protection<\/h2>\n<p>In accordance with the General Data Protection Regulation (RGPD) and the amended Data Protection Act, you have the right to access, rectify, oppose, limit, delete and port your personal data. To exercise these rights or if you have any questions about the processing of your data, you can contact our Data Protection Officer at the following address: <a href=\"mailto:contact@algovia.fr\">contact@algovia.fr.<\/a><\/p>\n<p>For more information about the processing of your personal data, please consult our <a title=\"Privacy policy\" href=\"https:\/\/www.algovia.fr\/en\/privacy-policy\/\">privacy policy<\/a>.<\/p>\n<h2>Cookies<\/h2>\n<p>Our site may use cookies to improve the user experience and analyze traffic. To find out more about the use of cookies and how to manage them, please consult our <a title=\"Cookie policy\" href=\"https:\/\/www.algovia.fr\/en\/cookie-policy\/\">cookie policy<\/a>.<\/p>\n<h2>Applicable law and jurisdiction<\/h2>\n<p>This legal notice is governed by French law. In the event of a dispute, the French courts shall have exclusive jurisdiction.<\/p>\n<p><em>Last update: April 24, 2025<\/em>[\/vc_column_text][\/vc_column][\/vc_row][\/vc_section]<\/p>\n<\/div>","protected":false},"excerpt":{"rendered":"<p>[vc_section el_class=&#8221;bg-mesh&#8221;][vc_row el_id=&#8221;notice&#8221; el_class=&#8221;container&#8221;][vc_column][vc_column_text css=&#8221;&#8221;] Terms of use Legal information The site is published by AlgoviA, a soci\u00e9t\u00e9 par actions simplifi\u00e9e (simplified joint stock company) with a share capital of \u20ac60,000, registered with the Registre du Commerce et des Soci\u00e9t\u00e9s under SIREN number 942 397 209, headquartered at 19 Rue des Rosieristes, 69410 CHAMPAGNE-AU-MONT-D&#8217;OR, France. [&hellip;]<\/p>\n","protected":false},"author":2,"featured_media":0,"parent":0,"menu_order":0,"comment_status":"closed","ping_status":"closed","template":"","meta":{"_acf_changed":false,"om_disable_all_campaigns":false,"_monsterinsights_skip_tracking":false,"_monsterinsights_sitenote_active":false,"_monsterinsights_sitenote_note":"","_monsterinsights_sitenote_category":0,"footnotes":""},"class_list":["post-330","page","type-page","status-publish","hentry"],"acf":[],"aioseo_notices":[],"_links":{"self":[{"href":"https:\/\/www.algovia.fr\/en\/wp-json\/wp\/v2\/pages\/330","targetHints":{"allow":["GET"]}}],"collection":[{"href":"https:\/\/www.algovia.fr\/en\/wp-json\/wp\/v2\/pages"}],"about":[{"href":"https:\/\/www.algovia.fr\/en\/wp-json\/wp\/v2\/types\/page"}],"author":[{"embeddable":true,"href":"https:\/\/www.algovia.fr\/en\/wp-json\/wp\/v2\/users\/2"}],"replies":[{"embeddable":true,"href":"https:\/\/www.algovia.fr\/en\/wp-json\/wp\/v2\/comments?post=330"}],"version-history":[{"count":4,"href":"https:\/\/www.algovia.fr\/en\/wp-json\/wp\/v2\/pages\/330\/revisions"}],"predecessor-version":[{"id":409,"href":"https:\/\/www.algovia.fr\/en\/wp-json\/wp\/v2\/pages\/330\/revisions\/409"}],"wp:attachment":[{"href":"https:\/\/www.algovia.fr\/en\/wp-json\/wp\/v2\/media?parent=330"}],"curies":[{"name":"wp","href":"https:\/\/api.w.org\/{rel}","templated":true}]}}